{"id":2285,"date":"2019-06-11T11:57:18","date_gmt":"2019-06-11T09:57:18","guid":{"rendered":"https:\/\/www.spark-avocats.com\/expertises-juridiques\/restructuring-prevention-entreprise-difficulte\/"},"modified":"2019-11-15T15:35:53","modified_gmt":"2019-11-15T14:35:53","slug":"retructuring-preventing-company-problems","status":"publish","type":"page","link":"https:\/\/www.spark-avocats.com\/en\/legal-expertise\/retructuring-preventing-company-problems\/","title":{"rendered":"Retructuring, preventing company problems"},"content":{"rendered":"[vc_row type=&#8221;full_width_content&#8221; full_screen_row_position=&#8221;middle&#8221; equal_height=&#8221;yes&#8221; scene_position=&#8221;center&#8221; text_color=&#8221;dark&#8221; text_align=&#8221;left&#8221; overlay_strength=&#8221;0.3&#8243; shape_divider_position=&#8221;bottom&#8221; bg_image_animation=&#8221;none&#8221; shape_type=&#8221;&#8221;][vc_column column_padding=&#8221;padding-8-percent&#8221; column_padding_position=&#8221;all&#8221; background_color_opacity=&#8221;1&#8243; background_hover_color_opacity=&#8221;1&#8243; column_link_target=&#8221;_self&#8221; column_shadow=&#8221;none&#8221; column_border_radius=&#8221;none&#8221; width=&#8221;1\/2&#8243; tablet_width_inherit=&#8221;default&#8221; tablet_text_alignment=&#8221;default&#8221; phone_text_alignment=&#8221;default&#8221; column_border_width=&#8221;none&#8221; column_border_style=&#8221;solid&#8221; bg_image_animation=&#8221;none&#8221;][divider line_type=&#8221;Full Width Line&#8221; line_thickness=&#8221;1&#8243; divider_color=&#8221;accent-color&#8221; animate=&#8221;yes&#8221; custom_height=&#8221;60&#8243; delay=&#8221;200&#8243;][vc_column_text css_animation=&#8221;fadeIn&#8221; el_class=&#8221;big&#8221;]\n<h2>How to successfully implement a company restructuring policy?<\/h2>\n[\/vc_column_text][divider line_type=&#8221;No Line&#8221; custom_height=&#8221;40&#8243;][vc_column_text]We anticipate the consequences of any current or foreseeable economic, legal or financial problems: industrial or commercial incident, treasury tension, decline in profitability, etc.<\/p>\n<p>Consequently, we determine and implement a restructuring policy (commercial, social, financial, etc.) in order to ensure the continuity of the company&#8217;s activities and restore its profitability and value[\/vc_column_text][vc_column_text el_class=&#8221;medium&#8221;]We ensure safe decision-making in the face of problems, including those relating to the director&#8217;s personal and financial situation[\/vc_column_text][vc_column_text]We limit the number of parties \/ partners of the company of whom contributions will be required, thus keeping any implemented preventive measures unknown to competitors, or to the partners not summoned to the negotiating table[\/vc_column_text][divider line_type=&#8221;No Line&#8221; custom_height=&#8221;40&#8243;][nectar_icon icon_family=&#8221;linea&#8221; enable_animation=&#8221;true&#8221; animation_speed=&#8221;fast&#8221; icon_style=&#8221;default&#8221; icon_color=&#8221;Accent-Color&#8221; icon_padding=&#8221;0px&#8221; icon_linea=&#8221;icon-arrows-slim-down&#8221; animation_delay=&#8221;300&#8243; url=&#8221;#contact&#8221;][divider line_type=&#8221;No Line&#8221; custom_height=&#8221;10&#8243;][divider line_type=&#8221;No Line&#8221; custom_height=&#8221;40&#8243;][\/vc_column][vc_column column_padding=&#8221;padding-5-percent&#8221; column_padding_position=&#8221;all&#8221; background_color=&#8221;#edebde&#8221; background_color_opacity=&#8221;1&#8243; background_hover_color_opacity=&#8221;1&#8243; column_link_target=&#8221;_self&#8221; column_shadow=&#8221;none&#8221; column_border_radius=&#8221;none&#8221; width=&#8221;1\/2&#8243; tablet_width_inherit=&#8221;default&#8221; tablet_text_alignment=&#8221;default&#8221; phone_text_alignment=&#8221;default&#8221; column_border_width=&#8221;none&#8221; column_border_style=&#8221;solid&#8221; bg_image_animation=&#8221;none&#8221;][nectar_icon icon_family=&#8221;linea&#8221; enable_animation=&#8221;true&#8221; animation_speed=&#8221;fast&#8221; icon_style=&#8221;default&#8221; icon_color=&#8221;Accent-Color&#8221; icon_padding=&#8221;0px&#8221; icon_linea=&#8221;icon-arrows-slim-down&#8221; icon_size=&#8221;30&#8243;][divider line_type=&#8221;No Line&#8221; custom_height=&#8221;40&#8243;][vc_row_inner column_margin=&#8221;default&#8221; text_align=&#8221;left&#8221;][vc_column_inner column_padding=&#8221;padding-8-percent&#8221; column_padding_position=&#8221;all&#8221; background_color_opacity=&#8221;1&#8243; background_hover_color_opacity=&#8221;1&#8243; column_shadow=&#8221;none&#8221; column_border_radius=&#8221;none&#8221; column_link_target=&#8221;_self&#8221; width=&#8221;1\/1&#8243; tablet_width_inherit=&#8221;default&#8221; column_border_width=&#8221;none&#8221; column_border_style=&#8221;solid&#8221; bg_image_animation=&#8221;none&#8221;][vc_column_text css_animation=&#8221;fadeIn&#8221; el_class=&#8221;medium&#8221;]THE SPARK METHOD[\/vc_column_text]<div class=\"nectar-fancy-ul\" data-list-icon=\"icon-salient-thin-line\" data-animation=\"true\" data-animation-delay=\"0\" data-color=\"accent-color\" data-spacing=\"default\" data-alignment=\"left\"> \n<ul>\n<li class=\"li1\">We detail available prevention \/ restructuring tools and determine which to implement.<\/li>\n<li class=\"li1\"><span class=\"s2\">Nous d\u00e9finissons avec le dirigeant le calendrier de mise en \u0153uvre avec une d\u00e9marche de \u00ab\u00a0coaching \u2013 r\u00e9assurance\u00a0\u00bb pour lui donner une visibilit\u00e9 sur les \u00e9tapes des actions arr\u00eat\u00e9es.<\/span><\/li>\n<li class=\"li1\"><span class=\"s2\">Nous assistons l\u2019entreprise et son dirigeant dans la structuration de l\u2019\u00e9quipe rapproch\u00e9e qui le soutiendra ;\u00a0<\/span><\/li>\n<\/ul>\n <\/div>[vc_column_text el_class=&#8221;medium&#8221;]We have a network of quality partners, and strong relationships with ad hoc representatives and conciliators all over France.[\/vc_column_text]<div class=\"nectar-fancy-ul\" data-list-icon=\"icon-salient-thin-line\" data-animation=\"true\" data-animation-delay=\"0\" data-color=\"accent-color\" data-spacing=\"default\" data-alignment=\"left\"> \n<ul>\n<li class=\"li1\">We assist the company and its director in negotiations with banks (debt restructuring), strategic suppliers (renegotiation of terms and conditions), partnership and tax creditors, shareholders \/ bondholders&#8230;<\/li>\n<li class=\"li1\">We assist the company in searching for new money and structuring agreements and related guarantees.<\/li>\n<li class=\"li1\">We draft your legal paperwork (requests, agreement protocols, contract amendments, etc.) and assist in the presentation of &#8220;IBR&#8221; type (Independent Business Review = independent financial report) financial documents; (NB: our practice has endowed us with an expert knowledge of the expectations of our banking collaborators in the special business services, who will be present at the negotiating table.<\/li>\n<\/ul>\n <\/div>[\/vc_column_inner][\/vc_row_inner][\/vc_column][\/vc_row][vc_row type=&#8221;full_width_content&#8221; full_screen_row_position=&#8221;middle&#8221; equal_height=&#8221;yes&#8221; scene_position=&#8221;center&#8221; text_color=&#8221;dark&#8221; text_align=&#8221;left&#8221; bottom_padding=&#8221;5%&#8221; id=&#8221;contact&#8221; overlay_strength=&#8221;0.3&#8243; shape_divider_position=&#8221;bottom&#8221; bg_image_animation=&#8221;none&#8221; shape_type=&#8221;&#8221;][vc_column column_padding=&#8221;no-extra-padding&#8221; column_padding_position=&#8221;all&#8221; background_color_opacity=&#8221;1&#8243; background_hover_color_opacity=&#8221;1&#8243; column_link_target=&#8221;_self&#8221; column_shadow=&#8221;none&#8221; column_border_radius=&#8221;none&#8221; width=&#8221;1\/2&#8243; tablet_width_inherit=&#8221;default&#8221; tablet_text_alignment=&#8221;default&#8221; phone_text_alignment=&#8221;default&#8221; column_border_width=&#8221;none&#8221; column_border_style=&#8221;solid&#8221; bg_image_animation=&#8221;none&#8221;][vc_row_inner column_margin=&#8221;default&#8221; text_align=&#8221;left&#8221;][vc_column_inner column_padding=&#8221;padding-10-percent&#8221; column_padding_position=&#8221;all&#8221; background_color_opacity=&#8221;1&#8243; background_hover_color_opacity=&#8221;1&#8243; column_shadow=&#8221;none&#8221; column_border_radius=&#8221;none&#8221; column_link_target=&#8221;_self&#8221; width=&#8221;1\/2&#8243; tablet_width_inherit=&#8221;default&#8221; column_border_width=&#8221;1px&#8221; column_border_color=&#8221;#edebde&#8221; column_border_style=&#8221;solid&#8221; enable_border_animation=&#8221;true&#8221; bg_image_animation=&#8221;none&#8221; border_animation_delay=&#8221;350&#8243;][vc_column_text css_animation=&#8221;fadeIn&#8221; el_class=&#8221;xmedium&#8221;]<a href=\"https:\/\/www.spark-avocats.com\/en\/contactez-nous\/\">Contact us<\/a>[\/vc_column_text][nectar_icon icon_family=&#8221;linea&#8221; enable_animation=&#8221;true&#8221; animation_speed=&#8221;fast&#8221; icon_style=&#8221;default&#8221; icon_color=&#8221;Accent-Color&#8221; icon_padding=&#8221;0px&#8221; icon_linea=&#8221;icon-arrows-slim-down&#8221; animation_delay=&#8221;300&#8243;][divider line_type=&#8221;No Line&#8221; custom_height=&#8221;40&#8243;][vc_column_text css_animation=&#8221;fadeIn&#8221; el_class=&#8221;medium&#8221;]Your reference person<br \/>\n<a href=\"\/?p=324\">Pierre L\u00e9o JEANMOUGIN<\/a>[\/vc_column_text][divider line_type=&#8221;No Line&#8221; custom_height=&#8221;40&#8243;][\/vc_column_inner][vc_column_inner column_padding=&#8221;no-extra-padding&#8221; column_padding_position=&#8221;all&#8221; background_color_opacity=&#8221;1&#8243; background_hover_color_opacity=&#8221;1&#8243; column_shadow=&#8221;none&#8221; column_border_radius=&#8221;none&#8221; column_link_target=&#8221;_self&#8221; width=&#8221;1\/2&#8243; tablet_width_inherit=&#8221;default&#8221; column_border_width=&#8221;none&#8221; column_border_style=&#8221;solid&#8221; bg_image_animation=&#8221;none&#8221;][image_with_animation image_url=&#8221;358&#8243; alignment=&#8221;&#8221; animation=&#8221;Fade In&#8221; border_radius=&#8221;none&#8221; box_shadow=&#8221;none&#8221; max_width=&#8221;100%&#8221; delay=&#8221;250&#8243; img_link=&#8221;\/equipe\/pierre-leo-jeanmougin-2\/&#8221;][\/vc_column_inner][\/vc_row_inner][\/vc_column][vc_column column_padding=&#8221;no-extra-padding&#8221; column_padding_position=&#8221;all&#8221; background_color_opacity=&#8221;1&#8243; background_hover_color_opacity=&#8221;1&#8243; background_image=&#8221;1171&#8243; column_link_target=&#8221;_self&#8221; column_shadow=&#8221;none&#8221; column_border_radius=&#8221;none&#8221; width=&#8221;1\/2&#8243; tablet_width_inherit=&#8221;default&#8221; tablet_text_alignment=&#8221;default&#8221; phone_text_alignment=&#8221;default&#8221; column_border_width=&#8221;none&#8221; column_border_style=&#8221;solid&#8221; bg_image_animation=&#8221;none&#8221;][vc_row_inner column_margin=&#8221;default&#8221; text_align=&#8221;left&#8221;][vc_column_inner column_padding=&#8221;padding-5-percent&#8221; column_padding_position=&#8221;all&#8221; background_color_opacity=&#8221;1&#8243; background_hover_color_opacity=&#8221;1&#8243; column_shadow=&#8221;none&#8221; column_border_radius=&#8221;none&#8221; column_link_target=&#8221;_self&#8221; width=&#8221;1\/1&#8243; tablet_width_inherit=&#8221;default&#8221; column_border_width=&#8221;none&#8221; column_border_style=&#8221;solid&#8221; bg_image_animation=&#8221;none&#8221;][vc_column_text css_animation=&#8221;fadeIn&#8221; el_class=&#8221;white&#8221;][\/vc_column_text][\/vc_column_inner][\/vc_row_inner][\/vc_column][\/vc_row][vc_row type=&#8221;full_width_content&#8221; full_screen_row_position=&#8221;middle&#8221; scene_position=&#8221;center&#8221; text_color=&#8221;dark&#8221; text_align=&#8221;left&#8221; bottom_padding=&#8221;5%&#8221; overlay_strength=&#8221;0.3&#8243; shape_divider_position=&#8221;bottom&#8221; bg_image_animation=&#8221;none&#8221; shape_type=&#8221;&#8221;][vc_column column_padding=&#8221;no-extra-padding&#8221; column_padding_position=&#8221;all&#8221; background_color_opacity=&#8221;1&#8243; background_hover_color_opacity=&#8221;1&#8243; column_link_target=&#8221;_self&#8221; column_shadow=&#8221;none&#8221; column_border_radius=&#8221;none&#8221; width=&#8221;1\/1&#8243; tablet_width_inherit=&#8221;default&#8221; tablet_text_alignment=&#8221;default&#8221; phone_text_alignment=&#8221;default&#8221; column_border_width=&#8221;none&#8221; column_border_style=&#8221;solid&#8221; bg_image_animation=&#8221;none&#8221;][divider line_type=&#8221;Full Width Line&#8221; line_thickness=&#8221;10&#8243; divider_color=&#8221;extra-color-1&#8243; animate=&#8221;yes&#8221; custom_height=&#8221;1&#8243; delay=&#8221;300&#8243;][\/vc_column][\/vc_row][vc_row type=&#8221;in_container&#8221; full_screen_row_position=&#8221;middle&#8221; scene_position=&#8221;center&#8221; text_color=&#8221;dark&#8221; text_align=&#8221;left&#8221; top_padding=&#8221;5%&#8221; overlay_strength=&#8221;0.3&#8243; shape_divider_position=&#8221;bottom&#8221; bg_image_animation=&#8221;none&#8221; shape_type=&#8221;&#8221;][vc_column column_padding=&#8221;no-extra-padding&#8221; column_padding_position=&#8221;all&#8221; background_color_opacity=&#8221;1&#8243; background_hover_color_opacity=&#8221;1&#8243; column_link_target=&#8221;_self&#8221; column_shadow=&#8221;none&#8221; column_border_radius=&#8221;none&#8221; width=&#8221;1\/1&#8243; tablet_width_inherit=&#8221;default&#8221; tablet_text_alignment=&#8221;default&#8221; phone_text_alignment=&#8221;default&#8221; column_border_width=&#8221;none&#8221; column_border_style=&#8221;solid&#8221; bg_image_animation=&#8221;none&#8221;][vc_column_text el_class=&#8221;medium&#8221;]Les derni\u00e8res actualit\u00e9s sur le m\u00eame th\u00e8me :[\/vc_column_text][recent_posts style=&#8221;minimal&#8221; category=&#8221;corporate,entreprise-en-difficulte&#8221; columns=&#8221;3&#8243; order=&#8221;DESC&#8221; orderby=&#8221;date&#8221; blog_remove_post_author=&#8221;true&#8221; blog_remove_post_comment_number=&#8221;true&#8221; blog_remove_post_nectar_love=&#8221;true&#8221; posts_per_page=&#8221;3&#8243;][\/vc_column][\/vc_row]\n","protected":false},"excerpt":{"rendered":"<p>[vc_row type=&#8221;full_width_content&#8221; full_screen_row_position=&#8221;middle&#8221; equal_height=&#8221;yes&#8221; scene_position=&#8221;center&#8221; text_color=&#8221;dark&#8221; text_align=&#8221;left&#8221; overlay_strength=&#8221;0.3&#8243; shape_divider_position=&#8221;bottom&#8221; bg_image_animation=&#8221;none&#8221; shape_type=&#8221;&#8221;][vc_column column_padding=&#8221;padding-8-percent&#8221; column_padding_position=&#8221;all&#8221; background_color_opacity=&#8221;1&#8243; background_hover_color_opacity=&#8221;1&#8243; column_link_target=&#8221;_self&#8221; column_shadow=&#8221;none&#8221; column_border_radius=&#8221;none&#8221; width=&#8221;1\/2&#8243; tablet_width_inherit=&#8221;default&#8221; tablet_text_alignment=&#8221;default&#8221; phone_text_alignment=&#8221;default&#8221; column_border_width=&#8221;none&#8221; column_border_style=&#8221;solid&#8221; bg_image_animation=&#8221;none&#8221;][divider line_type=&#8221;Full Width Line&#8221; line_thickness=&#8221;1&#8243; divider_color=&#8221;accent-color&#8221;&#8230;<\/p>\n","protected":false},"author":3,"featured_media":0,"parent":2249,"menu_order":0,"comment_status":"closed","ping_status":"closed","template":"","meta":{"footnotes":""},"class_list":["post-2285","page","type-page","status-publish"],"yoast_head":"<!-- This site is optimized with the Yoast SEO plugin v27.5 - https:\/\/yoast.com\/product\/yoast-seo-wordpress\/ -->\n<title>Retructuring, preventing company problems - Spark Avocats - Paris<\/title>\n<meta name=\"robots\" content=\"index, follow, max-snippet:-1, max-image-preview:large, max-video-preview:-1\" \/>\n<link rel=\"canonical\" href=\"https:\/\/www.spark-avocats.com\/en\/legal-expertise\/retructuring-preventing-company-problems\/\" \/>\n<meta property=\"og:locale\" content=\"en_US\" \/>\n<meta property=\"og:type\" content=\"article\" \/>\n<meta property=\"og:title\" content=\"Retructuring, preventing company problems - Spark Avocats - Paris\" \/>\n<meta property=\"og:description\" content=\"[vc_row type=&#8221;full_width_content&#8221; full_screen_row_position=&#8221;middle&#8221; equal_height=&#8221;yes&#8221; scene_position=&#8221;center&#8221; text_color=&#8221;dark&#8221; text_align=&#8221;left&#8221; overlay_strength=&#8221;0.3&#8243; shape_divider_position=&#8221;bottom&#8221; bg_image_animation=&#8221;none&#8221; shape_type=&#8221;&#8221;][vc_column column_padding=&#8221;padding-8-percent&#8221; column_padding_position=&#8221;all&#8221; background_color_opacity=&#8221;1&#8243; background_hover_color_opacity=&#8221;1&#8243; column_link_target=&#8221;_self&#8221; column_shadow=&#8221;none&#8221; column_border_radius=&#8221;none&#8221; width=&#8221;1\/2&#8243; tablet_width_inherit=&#8221;default&#8221; tablet_text_alignment=&#8221;default&#8221; phone_text_alignment=&#8221;default&#8221; column_border_width=&#8221;none&#8221; column_border_style=&#8221;solid&#8221; bg_image_animation=&#8221;none&#8221;][divider line_type=&#8221;Full Width Line&#8221; line_thickness=&#8221;1&#8243; divider_color=&#8221;accent-color&#8221;...\" \/>\n<meta property=\"og:url\" content=\"https:\/\/www.spark-avocats.com\/en\/legal-expertise\/retructuring-preventing-company-problems\/\" \/>\n<meta property=\"og:site_name\" content=\"Spark Avocats - Paris\" \/>\n<meta property=\"article:modified_time\" content=\"2019-11-15T14:35:53+00:00\" \/>\n<meta name=\"twitter:card\" content=\"summary_large_image\" \/>\n<meta name=\"twitter:label1\" content=\"Est. reading time\" \/>\n\t<meta name=\"twitter:data1\" content=\"7 minutes\" \/>\n<script type=\"application\/ld+json\" class=\"yoast-schema-graph\">{\"@context\":\"https:\\\/\\\/schema.org\",\"@graph\":[{\"@type\":\"WebPage\",\"@id\":\"https:\\\/\\\/www.spark-avocats.com\\\/en\\\/legal-expertise\\\/retructuring-preventing-company-problems\\\/\",\"url\":\"https:\\\/\\\/www.spark-avocats.com\\\/en\\\/legal-expertise\\\/retructuring-preventing-company-problems\\\/\",\"name\":\"Retructuring, preventing company problems - Spark Avocats - Paris\",\"isPartOf\":{\"@id\":\"https:\\\/\\\/www.spark-avocats.com\\\/en\\\/#website\"},\"datePublished\":\"2019-06-11T09:57:18+00:00\",\"dateModified\":\"2019-11-15T14:35:53+00:00\",\"breadcrumb\":{\"@id\":\"https:\\\/\\\/www.spark-avocats.com\\\/en\\\/legal-expertise\\\/retructuring-preventing-company-problems\\\/#breadcrumb\"},\"inLanguage\":\"en-US\",\"potentialAction\":[{\"@type\":\"ReadAction\",\"target\":[\"https:\\\/\\\/www.spark-avocats.com\\\/en\\\/legal-expertise\\\/retructuring-preventing-company-problems\\\/\"]}]},{\"@type\":\"BreadcrumbList\",\"@id\":\"https:\\\/\\\/www.spark-avocats.com\\\/en\\\/legal-expertise\\\/retructuring-preventing-company-problems\\\/#breadcrumb\",\"itemListElement\":[{\"@type\":\"ListItem\",\"position\":1,\"name\":\"Accueil\",\"item\":\"https:\\\/\\\/www.spark-avocats.com\\\/en\\\/\"},{\"@type\":\"ListItem\",\"position\":2,\"name\":\"Legal expertise\",\"item\":\"https:\\\/\\\/www.spark-avocats.com\\\/en\\\/legal-expertise\\\/\"},{\"@type\":\"ListItem\",\"position\":3,\"name\":\"Retructuring, preventing company problems\"}]},{\"@type\":\"WebSite\",\"@id\":\"https:\\\/\\\/www.spark-avocats.com\\\/en\\\/#website\",\"url\":\"https:\\\/\\\/www.spark-avocats.com\\\/en\\\/\",\"name\":\"Spark Avocats - Paris\",\"description\":\"Et en plus nous sommes avocats.\",\"publisher\":{\"@id\":\"https:\\\/\\\/www.spark-avocats.com\\\/en\\\/#organization\"},\"potentialAction\":[{\"@type\":\"SearchAction\",\"target\":{\"@type\":\"EntryPoint\",\"urlTemplate\":\"https:\\\/\\\/www.spark-avocats.com\\\/en\\\/?s={search_term_string}\"},\"query-input\":{\"@type\":\"PropertyValueSpecification\",\"valueRequired\":true,\"valueName\":\"search_term_string\"}}],\"inLanguage\":\"en-US\"},{\"@type\":\"Organization\",\"@id\":\"https:\\\/\\\/www.spark-avocats.com\\\/en\\\/#organization\",\"name\":\"Spark Avocats - Paris\",\"url\":\"https:\\\/\\\/www.spark-avocats.com\\\/en\\\/\",\"logo\":{\"@type\":\"ImageObject\",\"inLanguage\":\"en-US\",\"@id\":\"https:\\\/\\\/www.spark-avocats.com\\\/en\\\/#\\\/schema\\\/logo\\\/image\\\/\",\"url\":\"https:\\\/\\\/www.spark-avocats.com\\\/wp-content\\\/uploads\\\/2019\\\/10\\\/spark-logo-1.jpg\",\"contentUrl\":\"https:\\\/\\\/www.spark-avocats.com\\\/wp-content\\\/uploads\\\/2019\\\/10\\\/spark-logo-1.jpg\",\"width\":314,\"height\":136,\"caption\":\"Spark Avocats - Paris\"},\"image\":{\"@id\":\"https:\\\/\\\/www.spark-avocats.com\\\/en\\\/#\\\/schema\\\/logo\\\/image\\\/\"},\"sameAs\":[\"https:\\\/\\\/www.linkedin.com\\\/company\\\/spark-avocats\\\/\"]}]}<\/script>\n<!-- \/ Yoast SEO plugin. -->","yoast_head_json":{"title":"Retructuring, preventing company problems - Spark Avocats - Paris","robots":{"index":"index","follow":"follow","max-snippet":"max-snippet:-1","max-image-preview":"max-image-preview:large","max-video-preview":"max-video-preview:-1"},"canonical":"https:\/\/www.spark-avocats.com\/en\/legal-expertise\/retructuring-preventing-company-problems\/","og_locale":"en_US","og_type":"article","og_title":"Retructuring, preventing company problems - Spark Avocats - Paris","og_description":"[vc_row type=&#8221;full_width_content&#8221; full_screen_row_position=&#8221;middle&#8221; equal_height=&#8221;yes&#8221; scene_position=&#8221;center&#8221; text_color=&#8221;dark&#8221; text_align=&#8221;left&#8221; overlay_strength=&#8221;0.3&#8243; shape_divider_position=&#8221;bottom&#8221; bg_image_animation=&#8221;none&#8221; shape_type=&#8221;&#8221;][vc_column column_padding=&#8221;padding-8-percent&#8221; column_padding_position=&#8221;all&#8221; background_color_opacity=&#8221;1&#8243; background_hover_color_opacity=&#8221;1&#8243; column_link_target=&#8221;_self&#8221; column_shadow=&#8221;none&#8221; column_border_radius=&#8221;none&#8221; width=&#8221;1\/2&#8243; tablet_width_inherit=&#8221;default&#8221; tablet_text_alignment=&#8221;default&#8221; phone_text_alignment=&#8221;default&#8221; column_border_width=&#8221;none&#8221; column_border_style=&#8221;solid&#8221; bg_image_animation=&#8221;none&#8221;][divider line_type=&#8221;Full Width Line&#8221; line_thickness=&#8221;1&#8243; divider_color=&#8221;accent-color&#8221;...","og_url":"https:\/\/www.spark-avocats.com\/en\/legal-expertise\/retructuring-preventing-company-problems\/","og_site_name":"Spark Avocats - Paris","article_modified_time":"2019-11-15T14:35:53+00:00","twitter_card":"summary_large_image","twitter_misc":{"Est. reading time":"7 minutes"},"schema":{"@context":"https:\/\/schema.org","@graph":[{"@type":"WebPage","@id":"https:\/\/www.spark-avocats.com\/en\/legal-expertise\/retructuring-preventing-company-problems\/","url":"https:\/\/www.spark-avocats.com\/en\/legal-expertise\/retructuring-preventing-company-problems\/","name":"Retructuring, preventing company problems - Spark Avocats - Paris","isPartOf":{"@id":"https:\/\/www.spark-avocats.com\/en\/#website"},"datePublished":"2019-06-11T09:57:18+00:00","dateModified":"2019-11-15T14:35:53+00:00","breadcrumb":{"@id":"https:\/\/www.spark-avocats.com\/en\/legal-expertise\/retructuring-preventing-company-problems\/#breadcrumb"},"inLanguage":"en-US","potentialAction":[{"@type":"ReadAction","target":["https:\/\/www.spark-avocats.com\/en\/legal-expertise\/retructuring-preventing-company-problems\/"]}]},{"@type":"BreadcrumbList","@id":"https:\/\/www.spark-avocats.com\/en\/legal-expertise\/retructuring-preventing-company-problems\/#breadcrumb","itemListElement":[{"@type":"ListItem","position":1,"name":"Accueil","item":"https:\/\/www.spark-avocats.com\/en\/"},{"@type":"ListItem","position":2,"name":"Legal expertise","item":"https:\/\/www.spark-avocats.com\/en\/legal-expertise\/"},{"@type":"ListItem","position":3,"name":"Retructuring, preventing company problems"}]},{"@type":"WebSite","@id":"https:\/\/www.spark-avocats.com\/en\/#website","url":"https:\/\/www.spark-avocats.com\/en\/","name":"Spark Avocats - Paris","description":"Et en plus nous sommes avocats.","publisher":{"@id":"https:\/\/www.spark-avocats.com\/en\/#organization"},"potentialAction":[{"@type":"SearchAction","target":{"@type":"EntryPoint","urlTemplate":"https:\/\/www.spark-avocats.com\/en\/?s={search_term_string}"},"query-input":{"@type":"PropertyValueSpecification","valueRequired":true,"valueName":"search_term_string"}}],"inLanguage":"en-US"},{"@type":"Organization","@id":"https:\/\/www.spark-avocats.com\/en\/#organization","name":"Spark Avocats - Paris","url":"https:\/\/www.spark-avocats.com\/en\/","logo":{"@type":"ImageObject","inLanguage":"en-US","@id":"https:\/\/www.spark-avocats.com\/en\/#\/schema\/logo\/image\/","url":"https:\/\/www.spark-avocats.com\/wp-content\/uploads\/2019\/10\/spark-logo-1.jpg","contentUrl":"https:\/\/www.spark-avocats.com\/wp-content\/uploads\/2019\/10\/spark-logo-1.jpg","width":314,"height":136,"caption":"Spark Avocats - Paris"},"image":{"@id":"https:\/\/www.spark-avocats.com\/en\/#\/schema\/logo\/image\/"},"sameAs":["https:\/\/www.linkedin.com\/company\/spark-avocats\/"]}]}},"_links":{"self":[{"href":"https:\/\/www.spark-avocats.com\/en\/wp-json\/wp\/v2\/pages\/2285","targetHints":{"allow":["GET"]}}],"collection":[{"href":"https:\/\/www.spark-avocats.com\/en\/wp-json\/wp\/v2\/pages"}],"about":[{"href":"https:\/\/www.spark-avocats.com\/en\/wp-json\/wp\/v2\/types\/page"}],"author":[{"embeddable":true,"href":"https:\/\/www.spark-avocats.com\/en\/wp-json\/wp\/v2\/users\/3"}],"replies":[{"embeddable":true,"href":"https:\/\/www.spark-avocats.com\/en\/wp-json\/wp\/v2\/comments?post=2285"}],"version-history":[{"count":7,"href":"https:\/\/www.spark-avocats.com\/en\/wp-json\/wp\/v2\/pages\/2285\/revisions"}],"predecessor-version":[{"id":2596,"href":"https:\/\/www.spark-avocats.com\/en\/wp-json\/wp\/v2\/pages\/2285\/revisions\/2596"}],"up":[{"embeddable":true,"href":"https:\/\/www.spark-avocats.com\/en\/wp-json\/wp\/v2\/pages\/2249"}],"wp:attachment":[{"href":"https:\/\/www.spark-avocats.com\/en\/wp-json\/wp\/v2\/media?parent=2285"}],"curies":[{"name":"wp","href":"https:\/\/api.w.org\/{rel}","templated":true}]}}