{"id":2261,"date":"2019-05-28T17:23:10","date_gmt":"2019-05-28T15:23:10","guid":{"rendered":"https:\/\/www.spark-avocats.com\/expertises-juridiques\/creation-pacte-associe-business\/"},"modified":"2022-03-23T18:09:38","modified_gmt":"2022-03-23T17:09:38","slug":"creating-agreement-partnership-business","status":"publish","type":"page","link":"https:\/\/www.spark-avocats.com\/en\/legal-expertise\/creating-agreement-partnership-business\/","title":{"rendered":"Creating a partnership agreement"},"content":{"rendered":"[vc_row type=&#8221;full_width_content&#8221; full_screen_row_position=&#8221;middle&#8221; equal_height=&#8221;yes&#8221; scene_position=&#8221;center&#8221; text_color=&#8221;dark&#8221; text_align=&#8221;left&#8221; overlay_strength=&#8221;0.3&#8243; shape_divider_position=&#8221;bottom&#8221; bg_image_animation=&#8221;none&#8221; shape_type=&#8221;&#8221;][vc_column column_padding=&#8221;padding-8-percent&#8221; column_padding_position=&#8221;all&#8221; background_color_opacity=&#8221;1&#8243; background_hover_color_opacity=&#8221;1&#8243; column_link_target=&#8221;_self&#8221; column_shadow=&#8221;none&#8221; column_border_radius=&#8221;none&#8221; width=&#8221;1\/2&#8243; tablet_width_inherit=&#8221;default&#8221; tablet_text_alignment=&#8221;default&#8221; phone_text_alignment=&#8221;default&#8221; column_border_width=&#8221;none&#8221; column_border_style=&#8221;solid&#8221; bg_image_animation=&#8221;none&#8221;][divider line_type=&#8221;Full Width Line&#8221; line_thickness=&#8221;1&#8243; divider_color=&#8221;accent-color&#8221; animate=&#8221;yes&#8221; custom_height=&#8221;60&#8243; delay=&#8221;200&#8243;][vc_column_text css_animation=&#8221;fadeIn&#8221; el_class=&#8221;big&#8221;]\n<h2>How to properly structure partner relationships?<\/h2>\n[\/vc_column_text][divider line_type=&#8221;No Line&#8221; custom_height=&#8221;40&#8243;][vc_column_text]The firm plays the determining role of third party, enabling future partners to discuss all the subjects to be addressed before an association is formed, one on one. These subjects take into account individual and financial issues, and make it possible to predict business operations within the company to be.[\/vc_column_text][vc_column_text el_class=&#8221;medium&#8221;]The extensive user feedback we receive is put to good use in helping you seize opportunities and anticipate the partnership&#8217;s risks in your specific case.[\/vc_column_text][divider line_type=&#8221;No Line&#8221; custom_height=&#8221;40&#8243;][nectar_icon icon_family=&#8221;linea&#8221; enable_animation=&#8221;true&#8221; animation_speed=&#8221;fast&#8221; icon_style=&#8221;default&#8221; icon_color=&#8221;Accent-Color&#8221; icon_padding=&#8221;0px&#8221; icon_linea=&#8221;icon-arrows-slim-down&#8221; animation_delay=&#8221;300&#8243;][divider line_type=&#8221;No Line&#8221; custom_height=&#8221;10&#8243;][vc_column_text css_animation=&#8221;fadeIn&#8221; el_class=&#8221;medium&#8221;]<a href=\"#contact\">Contact us<\/a>[\/vc_column_text][divider line_type=&#8221;No Line&#8221; custom_height=&#8221;40&#8243;][\/vc_column][vc_column column_padding=&#8221;padding-5-percent&#8221; column_padding_position=&#8221;all&#8221; background_color=&#8221;#edebde&#8221; background_color_opacity=&#8221;1&#8243; background_hover_color_opacity=&#8221;1&#8243; column_link_target=&#8221;_self&#8221; column_shadow=&#8221;none&#8221; column_border_radius=&#8221;none&#8221; width=&#8221;1\/2&#8243; tablet_width_inherit=&#8221;default&#8221; tablet_text_alignment=&#8221;default&#8221; phone_text_alignment=&#8221;default&#8221; column_border_width=&#8221;none&#8221; column_border_style=&#8221;solid&#8221; bg_image_animation=&#8221;none&#8221;][vc_column_text el_class=&#8221;medium&#8221;]The partnership agreement: in which case?[\/vc_column_text][vc_row_inner column_margin=&#8221;default&#8221; text_align=&#8221;left&#8221;][vc_column_inner column_padding=&#8221;no-extra-padding&#8221; column_padding_position=&#8221;all&#8221; background_color_opacity=&#8221;1&#8243; background_hover_color_opacity=&#8221;1&#8243; column_shadow=&#8221;none&#8221; column_border_radius=&#8221;none&#8221; column_link_target=&#8221;_self&#8221; width=&#8221;1\/1&#8243; tablet_width_inherit=&#8221;default&#8221; column_border_width=&#8221;none&#8221; column_border_style=&#8221;solid&#8221; bg_image_animation=&#8221;none&#8221;]<div class=\"nectar-fancy-ul\" data-list-icon=\"fa fa-check\" data-animation=\"true\" data-animation-delay=\"0\" data-color=\"accent-color\" data-spacing=\"default\" data-alignment=\"left\"> \n<ul>\n<li>starting a business<\/li>\n<li>admission of a new partner<\/li>\n<\/ul>\n <\/div>[\/vc_column_inner][\/vc_row_inner][nectar_icon icon_family=&#8221;linea&#8221; enable_animation=&#8221;true&#8221; animation_speed=&#8221;fast&#8221; icon_style=&#8221;default&#8221; icon_color=&#8221;Accent-Color&#8221; icon_padding=&#8221;0px&#8221; icon_linea=&#8221;icon-arrows-slim-down&#8221; icon_size=&#8221;30&#8243;][divider line_type=&#8221;No Line&#8221; custom_height=&#8221;40&#8243;][vc_column_text el_class=&#8221;medium&#8221;]THE SPARK PARTNERSHIP[\/vc_column_text][vc_row_inner column_margin=&#8221;default&#8221; text_align=&#8221;left&#8221;][vc_column_inner column_padding=&#8221;padding-8-percent&#8221; column_padding_position=&#8221;all&#8221; background_color_opacity=&#8221;1&#8243; background_hover_color_opacity=&#8221;1&#8243; column_shadow=&#8221;none&#8221; column_border_radius=&#8221;none&#8221; column_link_target=&#8221;_self&#8221; width=&#8221;1\/1&#8243; tablet_width_inherit=&#8221;default&#8221; column_border_width=&#8221;none&#8221; column_border_style=&#8221;solid&#8221; bg_image_animation=&#8221;none&#8221;][milestone heading_inherit=&#8221;default&#8221; subject_padding=&#8221;0&#8243; color=&#8221;Accent-Color&#8221; effect=&#8221;motion_blur&#8221; milestone_alignment=&#8221;left&#8221; number=&#8221;1&#8243; number_font_size=&#8221;40&#8243;][vc_column_text css_animation=&#8221;fadeIn&#8221; el_class=&#8221;medium&#8221;]SPECIFICATIONS[\/vc_column_text]<div class=\"nectar-fancy-ul\" data-list-icon=\"icon-salient-thin-line\" data-animation=\"true\" data-animation-delay=\"0\" data-color=\"accent-color\" data-spacing=\"default\" data-alignment=\"left\"> \n<ul>\n<li>Understanding the stakes of your partnership and of your business<\/li>\n<li>Defining your partnership&#8217;s specifications, after implementing <a href=\"\/?page_id=107\">the Spark method<\/a>.<\/li>\n<li>Translating your company&#8217;s operational aspects into legal terms<\/li>\n<\/ul>\n <\/div>[milestone heading_inherit=&#8221;default&#8221; subject_padding=&#8221;0&#8243; color=&#8221;Accent-Color&#8221; effect=&#8221;motion_blur&#8221; milestone_alignment=&#8221;left&#8221; number=&#8221;2&#8243; number_font_size=&#8221;40&#8243;][vc_column_text css_animation=&#8221;fadeIn&#8221; el_class=&#8221;medium&#8221;]DECIPHERING THE LAW[\/vc_column_text]<div class=\"nectar-fancy-ul\" data-list-icon=\"icon-salient-thin-line\" data-animation=\"true\" data-animation-delay=\"0\" data-color=\"accent-color\" data-spacing=\"default\" data-alignment=\"left\"> \n<ul>\n<li>Mapping out the share capital<\/li>\n<li>Distributing power and defining governance<\/li>\n<li>Managing conflict hypotheses between partners<\/li>\n<\/ul>\n <\/div>[milestone heading_inherit=&#8221;default&#8221; subject_padding=&#8221;0&#8243; color=&#8221;Accent-Color&#8221; effect=&#8221;motion_blur&#8221; milestone_alignment=&#8221;left&#8221; number=&#8221;3&#8243; number_font_size=&#8221;40&#8243;][vc_column_text css_animation=&#8221;fadeIn&#8221; el_class=&#8221;medium&#8221;]GUIDANCE AND DOCUMENT DRAFTING[\/vc_column_text]<div class=\"nectar-fancy-ul\" data-list-icon=\"icon-salient-thin-line\" data-animation=\"true\" data-animation-delay=\"0\" data-color=\"accent-color\" data-spacing=\"default\" data-alignment=\"left\"> \n<ul>\n<li>Guided and annotated reading of the proposed agreement<\/li>\n<li>Work on all available hypotheses and tools<\/li>\n<li>Support up until the signing of the agreement, and in all the different implementation scenarios.<\/li>\n<\/ul>\n <\/div>[\/vc_column_inner][\/vc_row_inner][\/vc_column][\/vc_row][vc_row type=&#8221;full_width_content&#8221; full_screen_row_position=&#8221;middle&#8221; equal_height=&#8221;yes&#8221; scene_position=&#8221;center&#8221; text_color=&#8221;dark&#8221; text_align=&#8221;left&#8221; bottom_padding=&#8221;5%&#8221; id=&#8221;contact&#8221; overlay_strength=&#8221;0.3&#8243; shape_divider_position=&#8221;bottom&#8221; bg_image_animation=&#8221;none&#8221; shape_type=&#8221;&#8221;][vc_column column_padding=&#8221;no-extra-padding&#8221; column_padding_position=&#8221;all&#8221; background_color_opacity=&#8221;1&#8243; background_hover_color_opacity=&#8221;1&#8243; column_link_target=&#8221;_self&#8221; column_shadow=&#8221;none&#8221; column_border_radius=&#8221;none&#8221; width=&#8221;1\/2&#8243; tablet_width_inherit=&#8221;default&#8221; tablet_text_alignment=&#8221;default&#8221; phone_text_alignment=&#8221;default&#8221; column_border_width=&#8221;none&#8221; column_border_style=&#8221;solid&#8221; bg_image_animation=&#8221;none&#8221;][vc_row_inner column_margin=&#8221;default&#8221; text_align=&#8221;left&#8221;][vc_column_inner column_padding=&#8221;padding-10-percent&#8221; column_padding_position=&#8221;all&#8221; background_color_opacity=&#8221;1&#8243; background_hover_color_opacity=&#8221;1&#8243; column_shadow=&#8221;none&#8221; column_border_radius=&#8221;none&#8221; column_link_target=&#8221;_self&#8221; width=&#8221;1\/2&#8243; tablet_width_inherit=&#8221;default&#8221; column_border_width=&#8221;1px&#8221; column_border_color=&#8221;#edebde&#8221; column_border_style=&#8221;solid&#8221; enable_border_animation=&#8221;true&#8221; bg_image_animation=&#8221;none&#8221; border_animation_delay=&#8221;350&#8243;][vc_column_text css_animation=&#8221;fadeIn&#8221; el_class=&#8221;xmedium&#8221;]<a href=\"https:\/\/www.spark-avocats.com\/en\/contactez-nous\/\">Contact us<\/a>[\/vc_column_text][nectar_icon icon_family=&#8221;linea&#8221; enable_animation=&#8221;true&#8221; animation_speed=&#8221;fast&#8221; icon_style=&#8221;default&#8221; icon_color=&#8221;Accent-Color&#8221; icon_padding=&#8221;0px&#8221; icon_linea=&#8221;icon-arrows-slim-down&#8221; animation_delay=&#8221;300&#8243;][divider line_type=&#8221;No Line&#8221; custom_height=&#8221;40&#8243;][vc_column_text css_animation=&#8221;fadeIn&#8221; el_class=&#8221;medium&#8221;]Your reference person<br \/>\n<a href=\"\/?p=328\">Ariane OLIVE<\/a>[\/vc_column_text][divider line_type=&#8221;No Line&#8221; custom_height=&#8221;40&#8243;][\/vc_column_inner][vc_column_inner column_padding=&#8221;no-extra-padding&#8221; column_padding_position=&#8221;all&#8221; background_color_opacity=&#8221;1&#8243; background_hover_color_opacity=&#8221;1&#8243; column_shadow=&#8221;none&#8221; column_border_radius=&#8221;none&#8221; column_link_target=&#8221;_self&#8221; width=&#8221;1\/2&#8243; tablet_width_inherit=&#8221;default&#8221; column_border_width=&#8221;none&#8221; column_border_style=&#8221;solid&#8221; bg_image_animation=&#8221;none&#8221;][image_with_animation image_url=&#8221;1530&#8243; alignment=&#8221;&#8221; animation=&#8221;Fade In&#8221; border_radius=&#8221;none&#8221; box_shadow=&#8221;none&#8221; max_width=&#8221;100%&#8221; delay=&#8221;250&#8243; img_link=&#8221;\/equipe\/ariane-olive\/&#8221;][\/vc_column_inner][\/vc_row_inner][\/vc_column][vc_column column_padding=&#8221;no-extra-padding&#8221; column_padding_position=&#8221;all&#8221; background_color_opacity=&#8221;1&#8243; background_hover_color_opacity=&#8221;1&#8243; background_image=&#8221;1171&#8243; column_link_target=&#8221;_self&#8221; column_shadow=&#8221;none&#8221; column_border_radius=&#8221;none&#8221; width=&#8221;1\/2&#8243; tablet_width_inherit=&#8221;default&#8221; tablet_text_alignment=&#8221;default&#8221; phone_text_alignment=&#8221;default&#8221; column_border_width=&#8221;none&#8221; column_border_style=&#8221;solid&#8221; bg_image_animation=&#8221;none&#8221;][vc_row_inner column_margin=&#8221;default&#8221; text_align=&#8221;left&#8221;][vc_column_inner column_padding=&#8221;padding-5-percent&#8221; column_padding_position=&#8221;all&#8221; background_color_opacity=&#8221;1&#8243; background_hover_color_opacity=&#8221;1&#8243; column_shadow=&#8221;none&#8221; column_border_radius=&#8221;none&#8221; column_link_target=&#8221;_self&#8221; width=&#8221;1\/1&#8243; tablet_width_inherit=&#8221;default&#8221; column_border_width=&#8221;none&#8221; column_border_style=&#8221;solid&#8221; bg_image_animation=&#8221;none&#8221;][vc_column_text css_animation=&#8221;fadeIn&#8221; el_class=&#8221;white&#8221;][\/vc_column_text][\/vc_column_inner][\/vc_row_inner][\/vc_column][\/vc_row][vc_row type=&#8221;full_width_content&#8221; full_screen_row_position=&#8221;middle&#8221; scene_position=&#8221;center&#8221; text_color=&#8221;dark&#8221; text_align=&#8221;left&#8221; bottom_padding=&#8221;5%&#8221; overlay_strength=&#8221;0.3&#8243; shape_divider_position=&#8221;bottom&#8221; bg_image_animation=&#8221;none&#8221; shape_type=&#8221;&#8221;][vc_column column_padding=&#8221;no-extra-padding&#8221; column_padding_position=&#8221;all&#8221; background_color_opacity=&#8221;1&#8243; background_hover_color_opacity=&#8221;1&#8243; column_link_target=&#8221;_self&#8221; column_shadow=&#8221;none&#8221; column_border_radius=&#8221;none&#8221; width=&#8221;1\/1&#8243; tablet_width_inherit=&#8221;default&#8221; tablet_text_alignment=&#8221;default&#8221; phone_text_alignment=&#8221;default&#8221; column_border_width=&#8221;none&#8221; column_border_style=&#8221;solid&#8221; bg_image_animation=&#8221;none&#8221;][divider line_type=&#8221;Full Width Line&#8221; line_thickness=&#8221;10&#8243; divider_color=&#8221;extra-color-1&#8243; animate=&#8221;yes&#8221; custom_height=&#8221;1&#8243; delay=&#8221;300&#8243;][\/vc_column][\/vc_row][vc_row type=&#8221;in_container&#8221; full_screen_row_position=&#8221;middle&#8221; scene_position=&#8221;center&#8221; text_color=&#8221;dark&#8221; text_align=&#8221;left&#8221; top_padding=&#8221;5%&#8221; overlay_strength=&#8221;0.3&#8243; shape_divider_position=&#8221;bottom&#8221; bg_image_animation=&#8221;none&#8221; shape_type=&#8221;&#8221;][vc_column column_padding=&#8221;no-extra-padding&#8221; column_padding_position=&#8221;all&#8221; background_color_opacity=&#8221;1&#8243; background_hover_color_opacity=&#8221;1&#8243; column_link_target=&#8221;_self&#8221; column_shadow=&#8221;none&#8221; column_border_radius=&#8221;none&#8221; width=&#8221;1\/1&#8243; tablet_width_inherit=&#8221;default&#8221; tablet_text_alignment=&#8221;default&#8221; phone_text_alignment=&#8221;default&#8221; column_border_width=&#8221;none&#8221; column_border_style=&#8221;solid&#8221; bg_image_animation=&#8221;none&#8221;][vc_column_text el_class=&#8221;medium&#8221;]Les derni\u00e8res actualit\u00e9s sur le m\u00eame th\u00e8me :[\/vc_column_text][recent_posts style=&#8221;minimal&#8221; category=&#8221;corporate,la-vie-des-entreprises&#8221; columns=&#8221;3&#8243; order=&#8221;DESC&#8221; orderby=&#8221;date&#8221; blog_remove_post_author=&#8221;true&#8221; blog_remove_post_comment_number=&#8221;true&#8221; blog_remove_post_nectar_love=&#8221;true&#8221; posts_per_page=&#8221;3&#8243;][\/vc_column][\/vc_row]\n","protected":false},"excerpt":{"rendered":"<p>[vc_row type=&#8221;full_width_content&#8221; full_screen_row_position=&#8221;middle&#8221; equal_height=&#8221;yes&#8221; scene_position=&#8221;center&#8221; text_color=&#8221;dark&#8221; text_align=&#8221;left&#8221; overlay_strength=&#8221;0.3&#8243; shape_divider_position=&#8221;bottom&#8221; bg_image_animation=&#8221;none&#8221; shape_type=&#8221;&#8221;][vc_column column_padding=&#8221;padding-8-percent&#8221; column_padding_position=&#8221;all&#8221; background_color_opacity=&#8221;1&#8243; background_hover_color_opacity=&#8221;1&#8243; column_link_target=&#8221;_self&#8221; column_shadow=&#8221;none&#8221; column_border_radius=&#8221;none&#8221; width=&#8221;1\/2&#8243; tablet_width_inherit=&#8221;default&#8221; tablet_text_alignment=&#8221;default&#8221; phone_text_alignment=&#8221;default&#8221; column_border_width=&#8221;none&#8221; column_border_style=&#8221;solid&#8221; bg_image_animation=&#8221;none&#8221;][divider line_type=&#8221;Full Width Line&#8221; line_thickness=&#8221;1&#8243; divider_color=&#8221;accent-color&#8221;&#8230;<\/p>\n","protected":false},"author":3,"featured_media":0,"parent":2249,"menu_order":0,"comment_status":"closed","ping_status":"closed","template":"","meta":{"footnotes":""},"class_list":["post-2261","page","type-page","status-publish"],"yoast_head":"<!-- This site is optimized with the Yoast SEO plugin v27.5 - https:\/\/yoast.com\/product\/yoast-seo-wordpress\/ -->\n<title>Creating a partnership agreement - Spark Avocats - Paris<\/title>\n<meta name=\"description\" content=\"Creating a partnership agreement with business lawyer from Spark Avocats in Paris\" \/>\n<meta name=\"robots\" content=\"index, follow, max-snippet:-1, max-image-preview:large, max-video-preview:-1\" \/>\n<link rel=\"canonical\" href=\"https:\/\/www.spark-avocats.com\/en\/legal-expertise\/creating-agreement-partnership-business\/\" \/>\n<meta property=\"og:locale\" content=\"en_US\" \/>\n<meta property=\"og:type\" content=\"article\" \/>\n<meta property=\"og:title\" content=\"Creating a partnership agreement - Spark Avocats - Paris\" \/>\n<meta property=\"og:description\" content=\"Creating a partnership agreement with business lawyer from Spark Avocats in Paris\" \/>\n<meta property=\"og:url\" content=\"https:\/\/www.spark-avocats.com\/en\/legal-expertise\/creating-agreement-partnership-business\/\" \/>\n<meta property=\"og:site_name\" content=\"Spark Avocats - Paris\" \/>\n<meta property=\"article:modified_time\" content=\"2022-03-23T17:09:38+00:00\" \/>\n<meta name=\"twitter:card\" content=\"summary_large_image\" \/>\n<meta name=\"twitter:label1\" content=\"Est. reading time\" \/>\n\t<meta name=\"twitter:data1\" content=\"7 minutes\" \/>\n<script type=\"application\/ld+json\" class=\"yoast-schema-graph\">{\"@context\":\"https:\\\/\\\/schema.org\",\"@graph\":[{\"@type\":\"WebPage\",\"@id\":\"https:\\\/\\\/www.spark-avocats.com\\\/en\\\/legal-expertise\\\/creating-agreement-partnership-business\\\/\",\"url\":\"https:\\\/\\\/www.spark-avocats.com\\\/en\\\/legal-expertise\\\/creating-agreement-partnership-business\\\/\",\"name\":\"Creating a partnership agreement - Spark Avocats - Paris\",\"isPartOf\":{\"@id\":\"https:\\\/\\\/www.spark-avocats.com\\\/en\\\/#website\"},\"datePublished\":\"2019-05-28T15:23:10+00:00\",\"dateModified\":\"2022-03-23T17:09:38+00:00\",\"description\":\"Creating a partnership agreement with business lawyer from Spark Avocats in Paris\",\"breadcrumb\":{\"@id\":\"https:\\\/\\\/www.spark-avocats.com\\\/en\\\/legal-expertise\\\/creating-agreement-partnership-business\\\/#breadcrumb\"},\"inLanguage\":\"en-US\",\"potentialAction\":[{\"@type\":\"ReadAction\",\"target\":[\"https:\\\/\\\/www.spark-avocats.com\\\/en\\\/legal-expertise\\\/creating-agreement-partnership-business\\\/\"]}]},{\"@type\":\"BreadcrumbList\",\"@id\":\"https:\\\/\\\/www.spark-avocats.com\\\/en\\\/legal-expertise\\\/creating-agreement-partnership-business\\\/#breadcrumb\",\"itemListElement\":[{\"@type\":\"ListItem\",\"position\":1,\"name\":\"Accueil\",\"item\":\"https:\\\/\\\/www.spark-avocats.com\\\/en\\\/\"},{\"@type\":\"ListItem\",\"position\":2,\"name\":\"Legal expertise\",\"item\":\"https:\\\/\\\/www.spark-avocats.com\\\/en\\\/legal-expertise\\\/\"},{\"@type\":\"ListItem\",\"position\":3,\"name\":\"Creating a partnership agreement\"}]},{\"@type\":\"WebSite\",\"@id\":\"https:\\\/\\\/www.spark-avocats.com\\\/en\\\/#website\",\"url\":\"https:\\\/\\\/www.spark-avocats.com\\\/en\\\/\",\"name\":\"Spark Avocats - Paris\",\"description\":\"Et en plus nous sommes avocats.\",\"publisher\":{\"@id\":\"https:\\\/\\\/www.spark-avocats.com\\\/en\\\/#organization\"},\"potentialAction\":[{\"@type\":\"SearchAction\",\"target\":{\"@type\":\"EntryPoint\",\"urlTemplate\":\"https:\\\/\\\/www.spark-avocats.com\\\/en\\\/?s={search_term_string}\"},\"query-input\":{\"@type\":\"PropertyValueSpecification\",\"valueRequired\":true,\"valueName\":\"search_term_string\"}}],\"inLanguage\":\"en-US\"},{\"@type\":\"Organization\",\"@id\":\"https:\\\/\\\/www.spark-avocats.com\\\/en\\\/#organization\",\"name\":\"Spark Avocats - Paris\",\"url\":\"https:\\\/\\\/www.spark-avocats.com\\\/en\\\/\",\"logo\":{\"@type\":\"ImageObject\",\"inLanguage\":\"en-US\",\"@id\":\"https:\\\/\\\/www.spark-avocats.com\\\/en\\\/#\\\/schema\\\/logo\\\/image\\\/\",\"url\":\"https:\\\/\\\/www.spark-avocats.com\\\/wp-content\\\/uploads\\\/2019\\\/10\\\/spark-logo-1.jpg\",\"contentUrl\":\"https:\\\/\\\/www.spark-avocats.com\\\/wp-content\\\/uploads\\\/2019\\\/10\\\/spark-logo-1.jpg\",\"width\":314,\"height\":136,\"caption\":\"Spark Avocats - Paris\"},\"image\":{\"@id\":\"https:\\\/\\\/www.spark-avocats.com\\\/en\\\/#\\\/schema\\\/logo\\\/image\\\/\"},\"sameAs\":[\"https:\\\/\\\/www.linkedin.com\\\/company\\\/spark-avocats\\\/\"]}]}<\/script>\n<!-- \/ Yoast SEO plugin. -->","yoast_head_json":{"title":"Creating a partnership agreement - Spark Avocats - Paris","description":"Creating a partnership agreement with business lawyer from Spark Avocats in Paris","robots":{"index":"index","follow":"follow","max-snippet":"max-snippet:-1","max-image-preview":"max-image-preview:large","max-video-preview":"max-video-preview:-1"},"canonical":"https:\/\/www.spark-avocats.com\/en\/legal-expertise\/creating-agreement-partnership-business\/","og_locale":"en_US","og_type":"article","og_title":"Creating a partnership agreement - Spark Avocats - Paris","og_description":"Creating a partnership agreement with business lawyer from Spark Avocats in Paris","og_url":"https:\/\/www.spark-avocats.com\/en\/legal-expertise\/creating-agreement-partnership-business\/","og_site_name":"Spark Avocats - Paris","article_modified_time":"2022-03-23T17:09:38+00:00","twitter_card":"summary_large_image","twitter_misc":{"Est. reading time":"7 minutes"},"schema":{"@context":"https:\/\/schema.org","@graph":[{"@type":"WebPage","@id":"https:\/\/www.spark-avocats.com\/en\/legal-expertise\/creating-agreement-partnership-business\/","url":"https:\/\/www.spark-avocats.com\/en\/legal-expertise\/creating-agreement-partnership-business\/","name":"Creating a partnership agreement - Spark Avocats - Paris","isPartOf":{"@id":"https:\/\/www.spark-avocats.com\/en\/#website"},"datePublished":"2019-05-28T15:23:10+00:00","dateModified":"2022-03-23T17:09:38+00:00","description":"Creating a partnership agreement with business lawyer from Spark Avocats in Paris","breadcrumb":{"@id":"https:\/\/www.spark-avocats.com\/en\/legal-expertise\/creating-agreement-partnership-business\/#breadcrumb"},"inLanguage":"en-US","potentialAction":[{"@type":"ReadAction","target":["https:\/\/www.spark-avocats.com\/en\/legal-expertise\/creating-agreement-partnership-business\/"]}]},{"@type":"BreadcrumbList","@id":"https:\/\/www.spark-avocats.com\/en\/legal-expertise\/creating-agreement-partnership-business\/#breadcrumb","itemListElement":[{"@type":"ListItem","position":1,"name":"Accueil","item":"https:\/\/www.spark-avocats.com\/en\/"},{"@type":"ListItem","position":2,"name":"Legal expertise","item":"https:\/\/www.spark-avocats.com\/en\/legal-expertise\/"},{"@type":"ListItem","position":3,"name":"Creating a partnership agreement"}]},{"@type":"WebSite","@id":"https:\/\/www.spark-avocats.com\/en\/#website","url":"https:\/\/www.spark-avocats.com\/en\/","name":"Spark Avocats - Paris","description":"Et en plus nous sommes avocats.","publisher":{"@id":"https:\/\/www.spark-avocats.com\/en\/#organization"},"potentialAction":[{"@type":"SearchAction","target":{"@type":"EntryPoint","urlTemplate":"https:\/\/www.spark-avocats.com\/en\/?s={search_term_string}"},"query-input":{"@type":"PropertyValueSpecification","valueRequired":true,"valueName":"search_term_string"}}],"inLanguage":"en-US"},{"@type":"Organization","@id":"https:\/\/www.spark-avocats.com\/en\/#organization","name":"Spark Avocats - Paris","url":"https:\/\/www.spark-avocats.com\/en\/","logo":{"@type":"ImageObject","inLanguage":"en-US","@id":"https:\/\/www.spark-avocats.com\/en\/#\/schema\/logo\/image\/","url":"https:\/\/www.spark-avocats.com\/wp-content\/uploads\/2019\/10\/spark-logo-1.jpg","contentUrl":"https:\/\/www.spark-avocats.com\/wp-content\/uploads\/2019\/10\/spark-logo-1.jpg","width":314,"height":136,"caption":"Spark Avocats - Paris"},"image":{"@id":"https:\/\/www.spark-avocats.com\/en\/#\/schema\/logo\/image\/"},"sameAs":["https:\/\/www.linkedin.com\/company\/spark-avocats\/"]}]}},"_links":{"self":[{"href":"https:\/\/www.spark-avocats.com\/en\/wp-json\/wp\/v2\/pages\/2261","targetHints":{"allow":["GET"]}}],"collection":[{"href":"https:\/\/www.spark-avocats.com\/en\/wp-json\/wp\/v2\/pages"}],"about":[{"href":"https:\/\/www.spark-avocats.com\/en\/wp-json\/wp\/v2\/types\/page"}],"author":[{"embeddable":true,"href":"https:\/\/www.spark-avocats.com\/en\/wp-json\/wp\/v2\/users\/3"}],"replies":[{"embeddable":true,"href":"https:\/\/www.spark-avocats.com\/en\/wp-json\/wp\/v2\/comments?post=2261"}],"version-history":[{"count":5,"href":"https:\/\/www.spark-avocats.com\/en\/wp-json\/wp\/v2\/pages\/2261\/revisions"}],"predecessor-version":[{"id":2605,"href":"https:\/\/www.spark-avocats.com\/en\/wp-json\/wp\/v2\/pages\/2261\/revisions\/2605"}],"up":[{"embeddable":true,"href":"https:\/\/www.spark-avocats.com\/en\/wp-json\/wp\/v2\/pages\/2249"}],"wp:attachment":[{"href":"https:\/\/www.spark-avocats.com\/en\/wp-json\/wp\/v2\/media?parent=2261"}],"curies":[{"name":"wp","href":"https:\/\/api.w.org\/{rel}","templated":true}]}}